{"id":475,"date":"2024-02-07T16:23:28","date_gmt":"2024-02-07T16:23:28","guid":{"rendered":"https:\/\/diprod.pe\/web\/?page_id=475"},"modified":"2024-02-07T16:24:26","modified_gmt":"2024-02-07T16:24:26","slug":"politicas-y-condiciones","status":"publish","type":"page","link":"https:\/\/diprod.pe\/web\/politicas-y-condiciones\/","title":{"rendered":"Pol\u00edticas y condiciones"},"content":{"rendered":"\t\t<div data-elementor-type=\"wp-page\" data-elementor-id=\"475\" class=\"elementor elementor-475\" data-elementor-post-type=\"page\">\n\t\t\t\t<div class=\"elementor-element elementor-element-462f836 e-flex e-con-boxed e-con e-parent\" data-id=\"462f836\" data-element_type=\"container\">\n\t\t\t\t\t<div class=\"e-con-inner\">\n\t\t\t\t<div class=\"elementor-element elementor-element-6a91ad8 elementor-widget elementor-widget-heading\" data-id=\"6a91ad8\" data-element_type=\"widget\" data-widget_type=\"heading.default\">\n\t\t\t\t<div class=\"elementor-widget-container\">\n\t\t\t\t\t<h2 class=\"elementor-heading-title elementor-size-default\">Pol\u00edticas y condiciones<\/h2>\t\t\t\t<\/div>\n\t\t\t\t<\/div>\n\t\t\t\t<div class=\"elementor-element elementor-element-5858a24 elementor-widget elementor-widget-text-editor\" data-id=\"5858a24\" data-element_type=\"widget\" data-widget_type=\"text-editor.default\">\n\t\t\t\t<div class=\"elementor-widget-container\">\n\t\t\t\t\t\t\t\t\t<p>Cuidado y Prevenci\u00f3n contra el COVID-19<\/p><p>De forma preventiva, tomamos las siguientes medidas: Nuestro personal se encuentra laborando, ventas y administraci\u00f3n en home office y la parte operativa desde nuestras instalaciones en los siguientes horarios:<\/p><p><strong>HORARIO DE TRABAJO HOME OFFICE:<\/strong><\/p><p>Lunes a Viernes de 8:30 am a 7:00 pm (con 45min de refrigerio)<\/p><p><strong>HORARIO DE TRABAJO CON ASISTENCIA A LA EMPRESA<\/strong><\/p><p>Lunes a Viernes de: 8:30 am a 6:30 pm (con 1hra de refrigerio)<\/p><p>Nuestros\u00a0horarios de ingreso son flexible<\/p><p><strong>PREVENCI\u00d3N CONTRA EL COVID-19<\/strong><\/p><ul><li>Contamos con nuestros Registro SISCOVID-19, protocolos y Plan para la vigilancia, prevenci\u00f3n y control de covid-19<\/li><li>Toma de temperatura a todo el personal en cada ingreso a nuestras instalaciones<\/li><li>Desinfecci\u00f3n anti-virucida antes de cada ingreso<\/li><li>Uso de pediluvios con desinfecci\u00f3n<\/li><li>Lavado de manos a cada momento<\/li><li>Todo Nuestro personal en planta, incluyendo personal de distribuci\u00f3n, tiene la protecci\u00f3n adecuada para la entrega de sus pedidos:<ul><li>Mascarillas KN95 que garantiza una mayor y mejor protecci\u00f3n<\/li><li>Lentes antiparra o protectores faciales<\/li><li>Traje de protecci\u00f3n Tyvek con logo de nuestra empresa de transporte y distribuci\u00f3n<\/li><li>Todas nuestras unidades m\u00f3viles salen con su desinfecci\u00f3n anti-virucida en cada distribuci\u00f3n, as\u00ed como, con productos para desinfecci\u00f3n de manos<\/li><\/ul><\/li><li>La Tercerizaci\u00f3n de nuestro transporte, es por una de las empresas del grupo, la cual garantiza los protocolos de cuidado en cada unidad<\/li><\/ul><p>\u00a0<\/p><p>De esta forma garantizamos, de forma preventiva, evitar la transmisi\u00f3n o contagio del coronavirus<\/p><p>En caso el cliente solicite constancia de pruebas r\u00e1pidas o moleculares o serol\u00f3gicas, para ingreso a sus instalaciones, estas ser\u00e1n asumidas por el cliente y coordinadas con su gestor comercial, puesto que, las pruebas NO garantiza o evita el contagio<\/p>\t\t\t\t\t\t\t\t<\/div>\n\t\t\t\t<\/div>\n\t\t\t\t\t<\/div>\n\t\t\t\t<\/div>\n\t\t\t\t<\/div>\n\t\t","protected":false},"excerpt":{"rendered":"<p>Pol\u00edticas y condiciones Cuidado y Prevenci\u00f3n contra el COVID-19 De forma preventiva, tomamos las siguientes medidas: Nuestro personal se encuentra laborando, ventas y administraci\u00f3n en home office y la parte operativa desde nuestras instalaciones en los siguientes horarios: HORARIO DE TRABAJO HOME OFFICE: Lunes a Viernes de 8:30 am a 7:00 pm (con 45min de [&hellip;]<\/p>\n","protected":false},"author":1,"featured_media":0,"parent":0,"menu_order":0,"comment_status":"closed","ping_status":"closed","template":"","meta":{"footnotes":""},"class_list":["post-475","page","type-page","status-publish","hentry"],"yoast_head":"<!-- This site is optimized with the Yoast SEO plugin v26.1.1 - https:\/\/yoast.com\/wordpress\/plugins\/seo\/ -->\n<title>Pol\u00edticas y condiciones - Diprod | Soluciones en Abastecimientos<\/title>\n<meta name=\"robots\" content=\"index, follow, max-snippet:-1, max-image-preview:large, max-video-preview:-1\" \/>\n<link rel=\"canonical\" href=\"https:\/\/diprod.pe\/web\/politicas-y-condiciones\/\" \/>\n<meta property=\"og:locale\" content=\"es_ES\" \/>\n<meta property=\"og:type\" content=\"article\" \/>\n<meta property=\"og:title\" content=\"Pol\u00edticas y condiciones - Diprod | Soluciones en Abastecimientos\" \/>\n<meta property=\"og:description\" content=\"Pol\u00edticas y condiciones Cuidado y Prevenci\u00f3n contra el COVID-19 De forma preventiva, tomamos las siguientes medidas: Nuestro personal se encuentra laborando, ventas y administraci\u00f3n en home office y la parte operativa desde nuestras instalaciones en los siguientes horarios: HORARIO DE TRABAJO HOME OFFICE: Lunes a Viernes de 8:30 am a 7:00 pm (con 45min de [&hellip;]\" \/>\n<meta property=\"og:url\" content=\"https:\/\/diprod.pe\/web\/politicas-y-condiciones\/\" \/>\n<meta property=\"og:site_name\" content=\"Diprod | Soluciones en Abastecimientos\" \/>\n<meta property=\"article:publisher\" content=\"https:\/\/www.facebook.com\/profile.php?id=100065089917179\" \/>\n<meta property=\"article:modified_time\" content=\"2024-02-07T16:24:26+00:00\" \/>\n<meta name=\"twitter:card\" content=\"summary_large_image\" \/>\n<meta name=\"twitter:label1\" content=\"Tiempo de lectura\" \/>\n\t<meta name=\"twitter:data1\" content=\"1 minuto\" \/>\n<script type=\"application\/ld+json\" class=\"yoast-schema-graph\">{\"@context\":\"https:\/\/schema.org\",\"@graph\":[{\"@type\":\"WebPage\",\"@id\":\"https:\/\/diprod.pe\/web\/politicas-y-condiciones\/\",\"url\":\"https:\/\/diprod.pe\/web\/politicas-y-condiciones\/\",\"name\":\"Pol\u00edticas y condiciones - Diprod | Soluciones en Abastecimientos\",\"isPartOf\":{\"@id\":\"https:\/\/diprod.pe\/web\/#website\"},\"datePublished\":\"2024-02-07T16:23:28+00:00\",\"dateModified\":\"2024-02-07T16:24:26+00:00\",\"breadcrumb\":{\"@id\":\"https:\/\/diprod.pe\/web\/politicas-y-condiciones\/#breadcrumb\"},\"inLanguage\":\"es\",\"potentialAction\":[{\"@type\":\"ReadAction\",\"target\":[\"https:\/\/diprod.pe\/web\/politicas-y-condiciones\/\"]}]},{\"@type\":\"BreadcrumbList\",\"@id\":\"https:\/\/diprod.pe\/web\/politicas-y-condiciones\/#breadcrumb\",\"itemListElement\":[{\"@type\":\"ListItem\",\"position\":1,\"name\":\"Portada\",\"item\":\"https:\/\/diprod.pe\/web\/\"},{\"@type\":\"ListItem\",\"position\":2,\"name\":\"Pol\u00edticas y condiciones\"}]},{\"@type\":\"WebSite\",\"@id\":\"https:\/\/diprod.pe\/web\/#website\",\"url\":\"https:\/\/diprod.pe\/web\/\",\"name\":\"Diprod | Soluciones en Abastecimientos\",\"description\":\"\",\"publisher\":{\"@id\":\"https:\/\/diprod.pe\/web\/#organization\"},\"potentialAction\":[{\"@type\":\"SearchAction\",\"target\":{\"@type\":\"EntryPoint\",\"urlTemplate\":\"https:\/\/diprod.pe\/web\/?s={search_term_string}\"},\"query-input\":{\"@type\":\"PropertyValueSpecification\",\"valueRequired\":true,\"valueName\":\"search_term_string\"}}],\"inLanguage\":\"es\"},{\"@type\":\"Organization\",\"@id\":\"https:\/\/diprod.pe\/web\/#organization\",\"name\":\"Diprod | Soluciones en Abastecimientos\",\"url\":\"https:\/\/diprod.pe\/web\/\",\"logo\":{\"@type\":\"ImageObject\",\"inLanguage\":\"es\",\"@id\":\"https:\/\/diprod.pe\/web\/#\/schema\/logo\/image\/\",\"url\":\"https:\/\/diprod.pe\/web\/wp-content\/uploads\/2023\/12\/logo-corporativo.png\",\"contentUrl\":\"https:\/\/diprod.pe\/web\/wp-content\/uploads\/2023\/12\/logo-corporativo.png\",\"width\":979,\"height\":284,\"caption\":\"Diprod | Soluciones en Abastecimientos\"},\"image\":{\"@id\":\"https:\/\/diprod.pe\/web\/#\/schema\/logo\/image\/\"},\"sameAs\":[\"https:\/\/www.facebook.com\/profile.php?id=100065089917179\",\"https:\/\/www.instagram.com\/diprod.peru\/\"]}]}<\/script>\n<!-- \/ Yoast SEO plugin. -->","yoast_head_json":{"title":"Pol\u00edticas y condiciones - Diprod | Soluciones en Abastecimientos","robots":{"index":"index","follow":"follow","max-snippet":"max-snippet:-1","max-image-preview":"max-image-preview:large","max-video-preview":"max-video-preview:-1"},"canonical":"https:\/\/diprod.pe\/web\/politicas-y-condiciones\/","og_locale":"es_ES","og_type":"article","og_title":"Pol\u00edticas y condiciones - Diprod | Soluciones en Abastecimientos","og_description":"Pol\u00edticas y condiciones Cuidado y Prevenci\u00f3n contra el COVID-19 De forma preventiva, tomamos las siguientes medidas: Nuestro personal se encuentra laborando, ventas y administraci\u00f3n en home office y la parte operativa desde nuestras instalaciones en los siguientes horarios: HORARIO DE TRABAJO HOME OFFICE: Lunes a Viernes de 8:30 am a 7:00 pm (con 45min de [&hellip;]","og_url":"https:\/\/diprod.pe\/web\/politicas-y-condiciones\/","og_site_name":"Diprod | Soluciones en Abastecimientos","article_publisher":"https:\/\/www.facebook.com\/profile.php?id=100065089917179","article_modified_time":"2024-02-07T16:24:26+00:00","twitter_card":"summary_large_image","twitter_misc":{"Tiempo de lectura":"1 minuto"},"schema":{"@context":"https:\/\/schema.org","@graph":[{"@type":"WebPage","@id":"https:\/\/diprod.pe\/web\/politicas-y-condiciones\/","url":"https:\/\/diprod.pe\/web\/politicas-y-condiciones\/","name":"Pol\u00edticas y condiciones - Diprod | Soluciones en Abastecimientos","isPartOf":{"@id":"https:\/\/diprod.pe\/web\/#website"},"datePublished":"2024-02-07T16:23:28+00:00","dateModified":"2024-02-07T16:24:26+00:00","breadcrumb":{"@id":"https:\/\/diprod.pe\/web\/politicas-y-condiciones\/#breadcrumb"},"inLanguage":"es","potentialAction":[{"@type":"ReadAction","target":["https:\/\/diprod.pe\/web\/politicas-y-condiciones\/"]}]},{"@type":"BreadcrumbList","@id":"https:\/\/diprod.pe\/web\/politicas-y-condiciones\/#breadcrumb","itemListElement":[{"@type":"ListItem","position":1,"name":"Portada","item":"https:\/\/diprod.pe\/web\/"},{"@type":"ListItem","position":2,"name":"Pol\u00edticas y condiciones"}]},{"@type":"WebSite","@id":"https:\/\/diprod.pe\/web\/#website","url":"https:\/\/diprod.pe\/web\/","name":"Diprod | Soluciones en Abastecimientos","description":"","publisher":{"@id":"https:\/\/diprod.pe\/web\/#organization"},"potentialAction":[{"@type":"SearchAction","target":{"@type":"EntryPoint","urlTemplate":"https:\/\/diprod.pe\/web\/?s={search_term_string}"},"query-input":{"@type":"PropertyValueSpecification","valueRequired":true,"valueName":"search_term_string"}}],"inLanguage":"es"},{"@type":"Organization","@id":"https:\/\/diprod.pe\/web\/#organization","name":"Diprod | Soluciones en Abastecimientos","url":"https:\/\/diprod.pe\/web\/","logo":{"@type":"ImageObject","inLanguage":"es","@id":"https:\/\/diprod.pe\/web\/#\/schema\/logo\/image\/","url":"https:\/\/diprod.pe\/web\/wp-content\/uploads\/2023\/12\/logo-corporativo.png","contentUrl":"https:\/\/diprod.pe\/web\/wp-content\/uploads\/2023\/12\/logo-corporativo.png","width":979,"height":284,"caption":"Diprod | Soluciones en Abastecimientos"},"image":{"@id":"https:\/\/diprod.pe\/web\/#\/schema\/logo\/image\/"},"sameAs":["https:\/\/www.facebook.com\/profile.php?id=100065089917179","https:\/\/www.instagram.com\/diprod.peru\/"]}]}},"_links":{"self":[{"href":"https:\/\/diprod.pe\/web\/wp-json\/wp\/v2\/pages\/475","targetHints":{"allow":["GET"]}}],"collection":[{"href":"https:\/\/diprod.pe\/web\/wp-json\/wp\/v2\/pages"}],"about":[{"href":"https:\/\/diprod.pe\/web\/wp-json\/wp\/v2\/types\/page"}],"author":[{"embeddable":true,"href":"https:\/\/diprod.pe\/web\/wp-json\/wp\/v2\/users\/1"}],"replies":[{"embeddable":true,"href":"https:\/\/diprod.pe\/web\/wp-json\/wp\/v2\/comments?post=475"}],"version-history":[{"count":4,"href":"https:\/\/diprod.pe\/web\/wp-json\/wp\/v2\/pages\/475\/revisions"}],"predecessor-version":[{"id":479,"href":"https:\/\/diprod.pe\/web\/wp-json\/wp\/v2\/pages\/475\/revisions\/479"}],"wp:attachment":[{"href":"https:\/\/diprod.pe\/web\/wp-json\/wp\/v2\/media?parent=475"}],"curies":[{"name":"wp","href":"https:\/\/api.w.org\/{rel}","templated":true}]}}