{"id":349,"date":"2024-01-22T23:16:46","date_gmt":"2024-01-22T23:16:46","guid":{"rendered":"https:\/\/diprod.pe\/web\/?page_id=349"},"modified":"2024-01-22T23:18:00","modified_gmt":"2024-01-22T23:18:00","slug":"garantias","status":"publish","type":"page","link":"https:\/\/diprod.pe\/web\/garantias\/","title":{"rendered":"Garant\u00edas"},"content":{"rendered":"\t\t<div data-elementor-type=\"wp-page\" data-elementor-id=\"349\" class=\"elementor elementor-349\" data-elementor-post-type=\"page\">\n\t\t\t\t<div class=\"elementor-element elementor-element-462f836 e-flex e-con-boxed e-con e-parent\" data-id=\"462f836\" data-element_type=\"container\">\n\t\t\t\t\t<div class=\"e-con-inner\">\n\t\t\t\t<div class=\"elementor-element elementor-element-6a91ad8 elementor-widget elementor-widget-heading\" data-id=\"6a91ad8\" data-element_type=\"widget\" data-widget_type=\"heading.default\">\n\t\t\t\t<div class=\"elementor-widget-container\">\n\t\t\t\t\t<h2 class=\"elementor-heading-title elementor-size-default\">Garant\u00edas<\/h2>\t\t\t\t<\/div>\n\t\t\t\t<\/div>\n\t\t\t\t<div class=\"elementor-element elementor-element-5858a24 elementor-widget elementor-widget-text-editor\" data-id=\"5858a24\" data-element_type=\"widget\" data-widget_type=\"text-editor.default\">\n\t\t\t\t<div class=\"elementor-widget-container\">\n\t\t\t\t\t\t\t\t\t<p><strong>ATENCI\u00d3N DE GARANT\u00cdAS:<\/strong><\/p><ul><li>Para procesar Garant\u00edas, se solicita enviar los datos de la siguiente ficha:<\/li><\/ul><table width=\"625\"><tbody><tr><td width=\"363\"><p>Cliente o Raz\u00f3n Social<\/p><\/td><td width=\"254\">\u00a0<\/td><\/tr><tr><td width=\"363\"><p>Producto<\/p><\/td><td width=\"254\">\u00a0<\/td><\/tr><tr><td width=\"363\"><p>MARCA (en caso gen\u00e9rico, dejar en blanco)<\/p><\/td><td width=\"254\">\u00a0<\/td><\/tr><tr><td width=\"363\"><p>N\u00b0 DE SERIE<\/p><\/td><td width=\"254\">\u00a0<\/td><\/tr><tr><td width=\"363\"><p>DETALLE DEL PROBLEMA<\/p><\/td><td width=\"254\">\u00a0<\/td><\/tr><tr><td width=\"363\"><p>FACTURA U ORDEN DE COMPRA<\/p><\/td><td width=\"254\">\u00a0<\/td><\/tr><tr><td width=\"363\"><p>LUGAR DE INCIDENCIA<\/p><\/td><td width=\"254\">\u00a0<\/td><\/tr><tr><td width=\"363\"><p>ENCARGADO<\/p><\/td><td width=\"254\">\u00a0<\/td><\/tr><tr><td width=\"363\"><p>Telf. o Celular<\/p><\/td><td width=\"254\">\u00a0<\/td><\/tr><\/tbody><\/table><p>\u00a0<\/p><ul><li>De acuerdo a cada producto (Artefactos) LG, Samsung, Sony, AOC, Electrolux y otras marcas, es a trav\u00e9s del registro Call Center de cada marca, para derivar al Cas o Soporte m\u00e1s cercano, de acuerdo al producto puedan recibir asistencia y\/o visita para la soluci\u00f3n del problema.<\/li><li>En caso solicite que generemos el proceso de garant\u00edas, comun\u00edquese con su Gestor Comercial, cabe informar que, en caso Diprod genere el proceso de garant\u00eda, el tiempo de demora tarda m\u00e1s debido a que no somos el usuario final del producto en garant\u00eda.<\/li><li>Garant\u00eda de Mobiliario, art\u00edculos de limpieza, Alimentos, Descartables, Seguridad, Ferreter\u00eda, accesorios de c\u00f3mputo, Maletas, Menaje, Art Deportivos, Balanzas, Pl\u00e1sticos, entre otros, directo con su gestor comercial<\/li><li>Para atenci\u00f3n de Garant\u00edas\u00a0Urgentes favor de enviar a nuestro almac\u00e9n: Calle Esmeraldas 384 La Victoria, caso contrario nuestra movilidad pasar\u00e1 a recoger el producto dentro de las 48 a 72 hrs. en\u00a0los horarios: de 9:30 am a 1pm y\/o de 2:30 a 6:00 pm de Lunes a Viernes, S\u00e1bado de 10:00 am a 12:30 pm<\/li><li>Tiempos de respuesta por Garant\u00edas, es de acuerdo al fabricante o encargado de cada Marca.<\/li><\/ul>\t\t\t\t\t\t\t\t<\/div>\n\t\t\t\t<\/div>\n\t\t\t\t<div class=\"elementor-element elementor-element-f0f482f elementor-widget elementor-widget-heading\" data-id=\"f0f482f\" data-element_type=\"widget\" data-widget_type=\"heading.default\">\n\t\t\t\t<div class=\"elementor-widget-container\">\n\t\t\t\t\t<h2 class=\"elementor-heading-title elementor-size-default\">DIPROD DISTRIBUYE PRODUCTOS INSTITUCIONALES, PARA MANTENER NUESTRA CALIDAD DE PRODUCTOS, NO ACEPTAMOS CAMBIOS NI DEVOLUCIONES:<\/h2>\t\t\t\t<\/div>\n\t\t\t\t<\/div>\n\t\t\t\t<div class=\"elementor-element elementor-element-da91852 elementor-widget elementor-widget-text-editor\" data-id=\"da91852\" data-element_type=\"widget\" data-widget_type=\"text-editor.default\">\n\t\t\t\t<div class=\"elementor-widget-container\">\n\t\t\t\t\t\t\t\t\t<p><strong>Solo en caso de Garant\u00edas:<\/strong><\/p><ul><li>Cambios o devoluciones de equipos de c\u00f3mputo y accesorios, solo en caso de Garant\u00eda y de acuerdo a la marca<\/li><li>Cambios o devoluciones dentro de los 7 d\u00edas de entregado el producto, caso contrario se tiene que tramitar con la marca<\/li><li>Es necesario presentar o informar el n\u00famero de comprobante<\/li><li>En caso el producto tenga signos de manipulaci\u00f3n, no procede garant\u00eda<\/li><li>NO procede ninguna garant\u00eda en caso el producto tenga da\u00f1o f\u00edsico<\/li><li>No procede devoluci\u00f3n de productos de ferreter\u00eda<\/li><li>No procede devoluci\u00f3n para pedidos especiales, pedidos por volumen y pedidos a fabricaci\u00f3n<\/li><li>Para cambios urgentes enviar a nuestro almac\u00e9n: Calle Esmeraldas 384 La Victoria, nuestra movilidad puede pasar a recoger el producto dentro de las 48 a 72 hrs. siempre en cuando haya disponibilidad y turno por la zona de solicitud.<\/li><li>Ante lo anterior mencionado es a trav\u00e9s de nota de cr\u00e9dito dentro de 10 d\u00edas h\u00e1biles posterior al informe de almac\u00e9n<\/li><\/ul>\t\t\t\t\t\t\t\t<\/div>\n\t\t\t\t<\/div>\n\t\t\t\t\t<\/div>\n\t\t\t\t<\/div>\n\t\t\t\t<\/div>\n\t\t","protected":false},"excerpt":{"rendered":"<p>Garant\u00edas ATENCI\u00d3N DE GARANT\u00cdAS: Para procesar Garant\u00edas, se solicita enviar los datos de la siguiente ficha: Cliente o Raz\u00f3n Social \u00a0 Producto \u00a0 MARCA (en caso gen\u00e9rico, dejar en blanco) \u00a0 N\u00b0 DE SERIE \u00a0 DETALLE DEL PROBLEMA \u00a0 FACTURA U ORDEN DE COMPRA \u00a0 LUGAR DE INCIDENCIA \u00a0 ENCARGADO \u00a0 Telf. o Celular \u00a0 [&hellip;]<\/p>\n","protected":false},"author":1,"featured_media":0,"parent":0,"menu_order":0,"comment_status":"closed","ping_status":"closed","template":"","meta":{"footnotes":""},"class_list":["post-349","page","type-page","status-publish","hentry"],"yoast_head":"<!-- This site is optimized with the Yoast SEO plugin v26.1.1 - https:\/\/yoast.com\/wordpress\/plugins\/seo\/ -->\n<title>Garant\u00edas - Diprod | Soluciones en Abastecimientos<\/title>\n<meta name=\"robots\" content=\"index, follow, max-snippet:-1, max-image-preview:large, max-video-preview:-1\" \/>\n<link rel=\"canonical\" href=\"https:\/\/diprod.pe\/web\/garantias\/\" \/>\n<meta property=\"og:locale\" content=\"es_ES\" \/>\n<meta property=\"og:type\" content=\"article\" \/>\n<meta property=\"og:title\" content=\"Garant\u00edas - Diprod | Soluciones en Abastecimientos\" \/>\n<meta property=\"og:description\" content=\"Garant\u00edas ATENCI\u00d3N DE GARANT\u00cdAS: Para procesar Garant\u00edas, se solicita enviar los datos de la siguiente ficha: Cliente o Raz\u00f3n Social \u00a0 Producto \u00a0 MARCA (en caso gen\u00e9rico, dejar en blanco) \u00a0 N\u00b0 DE SERIE \u00a0 DETALLE DEL PROBLEMA \u00a0 FACTURA U ORDEN DE COMPRA \u00a0 LUGAR DE INCIDENCIA \u00a0 ENCARGADO \u00a0 Telf. o Celular \u00a0 [&hellip;]\" \/>\n<meta property=\"og:url\" content=\"https:\/\/diprod.pe\/web\/garantias\/\" \/>\n<meta property=\"og:site_name\" content=\"Diprod | Soluciones en Abastecimientos\" \/>\n<meta property=\"article:publisher\" content=\"https:\/\/www.facebook.com\/profile.php?id=100065089917179\" \/>\n<meta property=\"article:modified_time\" content=\"2024-01-22T23:18:00+00:00\" \/>\n<meta name=\"twitter:card\" content=\"summary_large_image\" \/>\n<meta name=\"twitter:label1\" content=\"Tiempo de lectura\" \/>\n\t<meta name=\"twitter:data1\" content=\"2 minutos\" \/>\n<script type=\"application\/ld+json\" class=\"yoast-schema-graph\">{\"@context\":\"https:\/\/schema.org\",\"@graph\":[{\"@type\":\"WebPage\",\"@id\":\"https:\/\/diprod.pe\/web\/garantias\/\",\"url\":\"https:\/\/diprod.pe\/web\/garantias\/\",\"name\":\"Garant\u00edas - Diprod | Soluciones en Abastecimientos\",\"isPartOf\":{\"@id\":\"https:\/\/diprod.pe\/web\/#website\"},\"datePublished\":\"2024-01-22T23:16:46+00:00\",\"dateModified\":\"2024-01-22T23:18:00+00:00\",\"breadcrumb\":{\"@id\":\"https:\/\/diprod.pe\/web\/garantias\/#breadcrumb\"},\"inLanguage\":\"es\",\"potentialAction\":[{\"@type\":\"ReadAction\",\"target\":[\"https:\/\/diprod.pe\/web\/garantias\/\"]}]},{\"@type\":\"BreadcrumbList\",\"@id\":\"https:\/\/diprod.pe\/web\/garantias\/#breadcrumb\",\"itemListElement\":[{\"@type\":\"ListItem\",\"position\":1,\"name\":\"Portada\",\"item\":\"https:\/\/diprod.pe\/web\/\"},{\"@type\":\"ListItem\",\"position\":2,\"name\":\"Garant\u00edas\"}]},{\"@type\":\"WebSite\",\"@id\":\"https:\/\/diprod.pe\/web\/#website\",\"url\":\"https:\/\/diprod.pe\/web\/\",\"name\":\"Diprod | Soluciones en Abastecimientos\",\"description\":\"\",\"publisher\":{\"@id\":\"https:\/\/diprod.pe\/web\/#organization\"},\"potentialAction\":[{\"@type\":\"SearchAction\",\"target\":{\"@type\":\"EntryPoint\",\"urlTemplate\":\"https:\/\/diprod.pe\/web\/?s={search_term_string}\"},\"query-input\":{\"@type\":\"PropertyValueSpecification\",\"valueRequired\":true,\"valueName\":\"search_term_string\"}}],\"inLanguage\":\"es\"},{\"@type\":\"Organization\",\"@id\":\"https:\/\/diprod.pe\/web\/#organization\",\"name\":\"Diprod | Soluciones en Abastecimientos\",\"url\":\"https:\/\/diprod.pe\/web\/\",\"logo\":{\"@type\":\"ImageObject\",\"inLanguage\":\"es\",\"@id\":\"https:\/\/diprod.pe\/web\/#\/schema\/logo\/image\/\",\"url\":\"https:\/\/diprod.pe\/web\/wp-content\/uploads\/2023\/12\/logo-corporativo.png\",\"contentUrl\":\"https:\/\/diprod.pe\/web\/wp-content\/uploads\/2023\/12\/logo-corporativo.png\",\"width\":979,\"height\":284,\"caption\":\"Diprod | Soluciones en Abastecimientos\"},\"image\":{\"@id\":\"https:\/\/diprod.pe\/web\/#\/schema\/logo\/image\/\"},\"sameAs\":[\"https:\/\/www.facebook.com\/profile.php?id=100065089917179\",\"https:\/\/www.instagram.com\/diprod.peru\/\"]}]}<\/script>\n<!-- \/ Yoast SEO plugin. -->","yoast_head_json":{"title":"Garant\u00edas - Diprod | Soluciones en Abastecimientos","robots":{"index":"index","follow":"follow","max-snippet":"max-snippet:-1","max-image-preview":"max-image-preview:large","max-video-preview":"max-video-preview:-1"},"canonical":"https:\/\/diprod.pe\/web\/garantias\/","og_locale":"es_ES","og_type":"article","og_title":"Garant\u00edas - Diprod | Soluciones en Abastecimientos","og_description":"Garant\u00edas ATENCI\u00d3N DE GARANT\u00cdAS: Para procesar Garant\u00edas, se solicita enviar los datos de la siguiente ficha: Cliente o Raz\u00f3n Social \u00a0 Producto \u00a0 MARCA (en caso gen\u00e9rico, dejar en blanco) \u00a0 N\u00b0 DE SERIE \u00a0 DETALLE DEL PROBLEMA \u00a0 FACTURA U ORDEN DE COMPRA \u00a0 LUGAR DE INCIDENCIA \u00a0 ENCARGADO \u00a0 Telf. o Celular \u00a0 [&hellip;]","og_url":"https:\/\/diprod.pe\/web\/garantias\/","og_site_name":"Diprod | Soluciones en Abastecimientos","article_publisher":"https:\/\/www.facebook.com\/profile.php?id=100065089917179","article_modified_time":"2024-01-22T23:18:00+00:00","twitter_card":"summary_large_image","twitter_misc":{"Tiempo de lectura":"2 minutos"},"schema":{"@context":"https:\/\/schema.org","@graph":[{"@type":"WebPage","@id":"https:\/\/diprod.pe\/web\/garantias\/","url":"https:\/\/diprod.pe\/web\/garantias\/","name":"Garant\u00edas - Diprod | Soluciones en Abastecimientos","isPartOf":{"@id":"https:\/\/diprod.pe\/web\/#website"},"datePublished":"2024-01-22T23:16:46+00:00","dateModified":"2024-01-22T23:18:00+00:00","breadcrumb":{"@id":"https:\/\/diprod.pe\/web\/garantias\/#breadcrumb"},"inLanguage":"es","potentialAction":[{"@type":"ReadAction","target":["https:\/\/diprod.pe\/web\/garantias\/"]}]},{"@type":"BreadcrumbList","@id":"https:\/\/diprod.pe\/web\/garantias\/#breadcrumb","itemListElement":[{"@type":"ListItem","position":1,"name":"Portada","item":"https:\/\/diprod.pe\/web\/"},{"@type":"ListItem","position":2,"name":"Garant\u00edas"}]},{"@type":"WebSite","@id":"https:\/\/diprod.pe\/web\/#website","url":"https:\/\/diprod.pe\/web\/","name":"Diprod | Soluciones en Abastecimientos","description":"","publisher":{"@id":"https:\/\/diprod.pe\/web\/#organization"},"potentialAction":[{"@type":"SearchAction","target":{"@type":"EntryPoint","urlTemplate":"https:\/\/diprod.pe\/web\/?s={search_term_string}"},"query-input":{"@type":"PropertyValueSpecification","valueRequired":true,"valueName":"search_term_string"}}],"inLanguage":"es"},{"@type":"Organization","@id":"https:\/\/diprod.pe\/web\/#organization","name":"Diprod | Soluciones en Abastecimientos","url":"https:\/\/diprod.pe\/web\/","logo":{"@type":"ImageObject","inLanguage":"es","@id":"https:\/\/diprod.pe\/web\/#\/schema\/logo\/image\/","url":"https:\/\/diprod.pe\/web\/wp-content\/uploads\/2023\/12\/logo-corporativo.png","contentUrl":"https:\/\/diprod.pe\/web\/wp-content\/uploads\/2023\/12\/logo-corporativo.png","width":979,"height":284,"caption":"Diprod | Soluciones en Abastecimientos"},"image":{"@id":"https:\/\/diprod.pe\/web\/#\/schema\/logo\/image\/"},"sameAs":["https:\/\/www.facebook.com\/profile.php?id=100065089917179","https:\/\/www.instagram.com\/diprod.peru\/"]}]}},"_links":{"self":[{"href":"https:\/\/diprod.pe\/web\/wp-json\/wp\/v2\/pages\/349","targetHints":{"allow":["GET"]}}],"collection":[{"href":"https:\/\/diprod.pe\/web\/wp-json\/wp\/v2\/pages"}],"about":[{"href":"https:\/\/diprod.pe\/web\/wp-json\/wp\/v2\/types\/page"}],"author":[{"embeddable":true,"href":"https:\/\/diprod.pe\/web\/wp-json\/wp\/v2\/users\/1"}],"replies":[{"embeddable":true,"href":"https:\/\/diprod.pe\/web\/wp-json\/wp\/v2\/comments?post=349"}],"version-history":[{"count":4,"href":"https:\/\/diprod.pe\/web\/wp-json\/wp\/v2\/pages\/349\/revisions"}],"predecessor-version":[{"id":353,"href":"https:\/\/diprod.pe\/web\/wp-json\/wp\/v2\/pages\/349\/revisions\/353"}],"wp:attachment":[{"href":"https:\/\/diprod.pe\/web\/wp-json\/wp\/v2\/media?parent=349"}],"curies":[{"name":"wp","href":"https:\/\/api.w.org\/{rel}","templated":true}]}}