{"id":338,"date":"2024-01-22T23:09:34","date_gmt":"2024-01-22T23:09:34","guid":{"rendered":"https:\/\/diprod.pe\/web\/?page_id=338"},"modified":"2024-01-22T23:13:35","modified_gmt":"2024-01-22T23:13:35","slug":"condiciones-de-credito","status":"publish","type":"page","link":"https:\/\/diprod.pe\/web\/condiciones-de-credito\/","title":{"rendered":"Condiciones de cr\u00e9dito"},"content":{"rendered":"\t\t<div data-elementor-type=\"wp-page\" data-elementor-id=\"338\" class=\"elementor elementor-338\" data-elementor-post-type=\"page\">\n\t\t\t\t<div class=\"elementor-element elementor-element-462f836 e-flex e-con-boxed e-con e-parent\" data-id=\"462f836\" data-element_type=\"container\">\n\t\t\t\t\t<div class=\"e-con-inner\">\n\t\t\t\t<div class=\"elementor-element elementor-element-6a91ad8 elementor-widget elementor-widget-heading\" data-id=\"6a91ad8\" data-element_type=\"widget\" data-widget_type=\"heading.default\">\n\t\t\t\t<div class=\"elementor-widget-container\">\n\t\t\t\t\t<h2 class=\"elementor-heading-title elementor-size-default\">Condiciones de cr\u00e9dito<\/h2>\t\t\t\t<\/div>\n\t\t\t\t<\/div>\n\t\t\t\t<div class=\"elementor-element elementor-element-5858a24 elementor-widget elementor-widget-text-editor\" data-id=\"5858a24\" data-element_type=\"widget\" data-widget_type=\"text-editor.default\">\n\t\t\t\t<div class=\"elementor-widget-container\">\n\t\t\t\t\t\t\t\t\t<ul><li>Para Solicitar l\u00ednea de cr\u00e9dito favor de enviar la\u00a0<a href=\"https:\/\/www.ofix.pe\/ficha_de_credito.pdf\">ficha adjunta<\/a><\/li><li>Atenci\u00f3n con l\u00ednea de cr\u00e9dito montos\u00a0mayores a S\/.500.00 soles, monto inferior contado transferencia<\/li><li>Para mantener l\u00ednea de cr\u00e9dito, tener flujo de pedidos mensuales de S\/. 500.00 soles<\/li><li>Dep\u00f3sitos o transferencias a cuentas corrientes:<\/li><\/ul><table width=\"682\"><thead><tr><td><p><strong>Proveedor<\/strong><\/p><\/td><td><p><strong>Banco<\/strong><\/p><\/td><td><p><strong>Soles<\/strong><\/p><\/td><\/tr><\/thead><tbody><tr><td><p><strong>DIPROD SAC<\/strong><\/p><\/td><td><p><strong>BBVA<\/strong><\/p><\/td><td><p>0011-0112-0100048883<\/p><\/td><\/tr><tr><td>\u00a0<\/td><td><p>C.C.I.<\/p><\/td><td><p>011-112-000100048883-01<\/p><\/td><\/tr><\/tbody><\/table><table width=\"680\"><thead><tr><td width=\"198\">\u00a0<\/td><td width=\"109\"><p><strong>BCP<\/strong><\/p><\/td><td width=\"373\"><p>191-00199136-0-46<\/p><\/td><\/tr><\/thead><tbody><tr><td width=\"198\">\u00a0<\/td><td width=\"109\"><p>C.C.I.<\/p><\/td><td width=\"373\"><p>002-1911-00199136-0-46-59<\/p><\/td><\/tr><\/tbody><\/table><ul><li>Productos a fabricaci\u00f3n, importaci\u00f3n o por volumen (pedido especial) 50% de inicial y saldo a tratar<\/li><\/ul>\t\t\t\t\t\t\t\t<\/div>\n\t\t\t\t<\/div>\n\t\t\t\t<div class=\"elementor-element elementor-element-f0f482f elementor-widget elementor-widget-heading\" data-id=\"f0f482f\" data-element_type=\"widget\" data-widget_type=\"heading.default\">\n\t\t\t\t<div class=\"elementor-widget-container\">\n\t\t\t\t\t<h2 class=\"elementor-heading-title elementor-size-default\">MEDIOS DE PAGO<\/h2>\t\t\t\t<\/div>\n\t\t\t\t<\/div>\n\t\t\t\t<div class=\"elementor-element elementor-element-da91852 elementor-widget elementor-widget-text-editor\" data-id=\"da91852\" data-element_type=\"widget\" data-widget_type=\"text-editor.default\">\n\t\t\t\t<div class=\"elementor-widget-container\">\n\t\t\t\t\t\t\t\t\t<ul><li>Dep\u00f3sito bancario<\/li><li>Transferencia bancaria<\/li><li>NO aceptamos pagos en efectivo o contra entrega<\/li><li>Previa evaluaci\u00f3n crediticia:<ul><li>Cheque<\/li><li>L\u00ednea de cr\u00e9dito: Factura a 30, Cheque, Letra a 45 y 60 d\u00edas<\/li><\/ul><\/li><\/ul>\t\t\t\t\t\t\t\t<\/div>\n\t\t\t\t<\/div>\n\t\t\t\t\t<\/div>\n\t\t\t\t<\/div>\n\t\t\t\t<\/div>\n\t\t","protected":false},"excerpt":{"rendered":"<p>Condiciones de cr\u00e9dito Para Solicitar l\u00ednea de cr\u00e9dito favor de enviar la\u00a0ficha adjunta Atenci\u00f3n con l\u00ednea de cr\u00e9dito montos\u00a0mayores a S\/.500.00 soles, monto inferior contado transferencia Para mantener l\u00ednea de cr\u00e9dito, tener flujo de pedidos mensuales de S\/. 500.00 soles Dep\u00f3sitos o transferencias a cuentas corrientes: Proveedor Banco Soles DIPROD SAC BBVA 0011-0112-0100048883 \u00a0 C.C.I. [&hellip;]<\/p>\n","protected":false},"author":1,"featured_media":0,"parent":0,"menu_order":0,"comment_status":"closed","ping_status":"closed","template":"","meta":{"footnotes":""},"class_list":["post-338","page","type-page","status-publish","hentry"],"yoast_head":"<!-- This site is optimized with the Yoast SEO plugin v26.1.1 - https:\/\/yoast.com\/wordpress\/plugins\/seo\/ -->\n<title>Condiciones de cr\u00e9dito - Diprod | Soluciones en Abastecimientos<\/title>\n<meta name=\"robots\" content=\"index, follow, max-snippet:-1, max-image-preview:large, max-video-preview:-1\" \/>\n<link rel=\"canonical\" href=\"https:\/\/diprod.pe\/web\/condiciones-de-credito\/\" \/>\n<meta property=\"og:locale\" content=\"es_ES\" \/>\n<meta property=\"og:type\" content=\"article\" \/>\n<meta property=\"og:title\" content=\"Condiciones de cr\u00e9dito - Diprod | Soluciones en Abastecimientos\" \/>\n<meta property=\"og:description\" content=\"Condiciones de cr\u00e9dito Para Solicitar l\u00ednea de cr\u00e9dito favor de enviar la\u00a0ficha adjunta Atenci\u00f3n con l\u00ednea de cr\u00e9dito montos\u00a0mayores a S\/.500.00 soles, monto inferior contado transferencia Para mantener l\u00ednea de cr\u00e9dito, tener flujo de pedidos mensuales de S\/. 500.00 soles Dep\u00f3sitos o transferencias a cuentas corrientes: Proveedor Banco Soles DIPROD SAC BBVA 0011-0112-0100048883 \u00a0 C.C.I. [&hellip;]\" \/>\n<meta property=\"og:url\" content=\"https:\/\/diprod.pe\/web\/condiciones-de-credito\/\" \/>\n<meta property=\"og:site_name\" content=\"Diprod | Soluciones en Abastecimientos\" \/>\n<meta property=\"article:publisher\" content=\"https:\/\/www.facebook.com\/profile.php?id=100065089917179\" \/>\n<meta property=\"article:modified_time\" content=\"2024-01-22T23:13:35+00:00\" \/>\n<meta name=\"twitter:card\" content=\"summary_large_image\" \/>\n<meta name=\"twitter:label1\" content=\"Tiempo de lectura\" \/>\n\t<meta name=\"twitter:data1\" content=\"1 minuto\" \/>\n<script type=\"application\/ld+json\" class=\"yoast-schema-graph\">{\"@context\":\"https:\/\/schema.org\",\"@graph\":[{\"@type\":\"WebPage\",\"@id\":\"https:\/\/diprod.pe\/web\/condiciones-de-credito\/\",\"url\":\"https:\/\/diprod.pe\/web\/condiciones-de-credito\/\",\"name\":\"Condiciones de cr\u00e9dito - Diprod | Soluciones en Abastecimientos\",\"isPartOf\":{\"@id\":\"https:\/\/diprod.pe\/web\/#website\"},\"datePublished\":\"2024-01-22T23:09:34+00:00\",\"dateModified\":\"2024-01-22T23:13:35+00:00\",\"breadcrumb\":{\"@id\":\"https:\/\/diprod.pe\/web\/condiciones-de-credito\/#breadcrumb\"},\"inLanguage\":\"es\",\"potentialAction\":[{\"@type\":\"ReadAction\",\"target\":[\"https:\/\/diprod.pe\/web\/condiciones-de-credito\/\"]}]},{\"@type\":\"BreadcrumbList\",\"@id\":\"https:\/\/diprod.pe\/web\/condiciones-de-credito\/#breadcrumb\",\"itemListElement\":[{\"@type\":\"ListItem\",\"position\":1,\"name\":\"Portada\",\"item\":\"https:\/\/diprod.pe\/web\/\"},{\"@type\":\"ListItem\",\"position\":2,\"name\":\"Condiciones de cr\u00e9dito\"}]},{\"@type\":\"WebSite\",\"@id\":\"https:\/\/diprod.pe\/web\/#website\",\"url\":\"https:\/\/diprod.pe\/web\/\",\"name\":\"Diprod | Soluciones en Abastecimientos\",\"description\":\"\",\"publisher\":{\"@id\":\"https:\/\/diprod.pe\/web\/#organization\"},\"potentialAction\":[{\"@type\":\"SearchAction\",\"target\":{\"@type\":\"EntryPoint\",\"urlTemplate\":\"https:\/\/diprod.pe\/web\/?s={search_term_string}\"},\"query-input\":{\"@type\":\"PropertyValueSpecification\",\"valueRequired\":true,\"valueName\":\"search_term_string\"}}],\"inLanguage\":\"es\"},{\"@type\":\"Organization\",\"@id\":\"https:\/\/diprod.pe\/web\/#organization\",\"name\":\"Diprod | Soluciones en Abastecimientos\",\"url\":\"https:\/\/diprod.pe\/web\/\",\"logo\":{\"@type\":\"ImageObject\",\"inLanguage\":\"es\",\"@id\":\"https:\/\/diprod.pe\/web\/#\/schema\/logo\/image\/\",\"url\":\"https:\/\/diprod.pe\/web\/wp-content\/uploads\/2023\/12\/logo-corporativo.png\",\"contentUrl\":\"https:\/\/diprod.pe\/web\/wp-content\/uploads\/2023\/12\/logo-corporativo.png\",\"width\":979,\"height\":284,\"caption\":\"Diprod | Soluciones en Abastecimientos\"},\"image\":{\"@id\":\"https:\/\/diprod.pe\/web\/#\/schema\/logo\/image\/\"},\"sameAs\":[\"https:\/\/www.facebook.com\/profile.php?id=100065089917179\",\"https:\/\/www.instagram.com\/diprod.peru\/\"]}]}<\/script>\n<!-- \/ Yoast SEO plugin. -->","yoast_head_json":{"title":"Condiciones de cr\u00e9dito - Diprod | Soluciones en Abastecimientos","robots":{"index":"index","follow":"follow","max-snippet":"max-snippet:-1","max-image-preview":"max-image-preview:large","max-video-preview":"max-video-preview:-1"},"canonical":"https:\/\/diprod.pe\/web\/condiciones-de-credito\/","og_locale":"es_ES","og_type":"article","og_title":"Condiciones de cr\u00e9dito - Diprod | Soluciones en Abastecimientos","og_description":"Condiciones de cr\u00e9dito Para Solicitar l\u00ednea de cr\u00e9dito favor de enviar la\u00a0ficha adjunta Atenci\u00f3n con l\u00ednea de cr\u00e9dito montos\u00a0mayores a S\/.500.00 soles, monto inferior contado transferencia Para mantener l\u00ednea de cr\u00e9dito, tener flujo de pedidos mensuales de S\/. 500.00 soles Dep\u00f3sitos o transferencias a cuentas corrientes: Proveedor Banco Soles DIPROD SAC BBVA 0011-0112-0100048883 \u00a0 C.C.I. [&hellip;]","og_url":"https:\/\/diprod.pe\/web\/condiciones-de-credito\/","og_site_name":"Diprod | Soluciones en Abastecimientos","article_publisher":"https:\/\/www.facebook.com\/profile.php?id=100065089917179","article_modified_time":"2024-01-22T23:13:35+00:00","twitter_card":"summary_large_image","twitter_misc":{"Tiempo de lectura":"1 minuto"},"schema":{"@context":"https:\/\/schema.org","@graph":[{"@type":"WebPage","@id":"https:\/\/diprod.pe\/web\/condiciones-de-credito\/","url":"https:\/\/diprod.pe\/web\/condiciones-de-credito\/","name":"Condiciones de cr\u00e9dito - Diprod | Soluciones en Abastecimientos","isPartOf":{"@id":"https:\/\/diprod.pe\/web\/#website"},"datePublished":"2024-01-22T23:09:34+00:00","dateModified":"2024-01-22T23:13:35+00:00","breadcrumb":{"@id":"https:\/\/diprod.pe\/web\/condiciones-de-credito\/#breadcrumb"},"inLanguage":"es","potentialAction":[{"@type":"ReadAction","target":["https:\/\/diprod.pe\/web\/condiciones-de-credito\/"]}]},{"@type":"BreadcrumbList","@id":"https:\/\/diprod.pe\/web\/condiciones-de-credito\/#breadcrumb","itemListElement":[{"@type":"ListItem","position":1,"name":"Portada","item":"https:\/\/diprod.pe\/web\/"},{"@type":"ListItem","position":2,"name":"Condiciones de cr\u00e9dito"}]},{"@type":"WebSite","@id":"https:\/\/diprod.pe\/web\/#website","url":"https:\/\/diprod.pe\/web\/","name":"Diprod | Soluciones en Abastecimientos","description":"","publisher":{"@id":"https:\/\/diprod.pe\/web\/#organization"},"potentialAction":[{"@type":"SearchAction","target":{"@type":"EntryPoint","urlTemplate":"https:\/\/diprod.pe\/web\/?s={search_term_string}"},"query-input":{"@type":"PropertyValueSpecification","valueRequired":true,"valueName":"search_term_string"}}],"inLanguage":"es"},{"@type":"Organization","@id":"https:\/\/diprod.pe\/web\/#organization","name":"Diprod | Soluciones en Abastecimientos","url":"https:\/\/diprod.pe\/web\/","logo":{"@type":"ImageObject","inLanguage":"es","@id":"https:\/\/diprod.pe\/web\/#\/schema\/logo\/image\/","url":"https:\/\/diprod.pe\/web\/wp-content\/uploads\/2023\/12\/logo-corporativo.png","contentUrl":"https:\/\/diprod.pe\/web\/wp-content\/uploads\/2023\/12\/logo-corporativo.png","width":979,"height":284,"caption":"Diprod | Soluciones en Abastecimientos"},"image":{"@id":"https:\/\/diprod.pe\/web\/#\/schema\/logo\/image\/"},"sameAs":["https:\/\/www.facebook.com\/profile.php?id=100065089917179","https:\/\/www.instagram.com\/diprod.peru\/"]}]}},"_links":{"self":[{"href":"https:\/\/diprod.pe\/web\/wp-json\/wp\/v2\/pages\/338","targetHints":{"allow":["GET"]}}],"collection":[{"href":"https:\/\/diprod.pe\/web\/wp-json\/wp\/v2\/pages"}],"about":[{"href":"https:\/\/diprod.pe\/web\/wp-json\/wp\/v2\/types\/page"}],"author":[{"embeddable":true,"href":"https:\/\/diprod.pe\/web\/wp-json\/wp\/v2\/users\/1"}],"replies":[{"embeddable":true,"href":"https:\/\/diprod.pe\/web\/wp-json\/wp\/v2\/comments?post=338"}],"version-history":[{"count":6,"href":"https:\/\/diprod.pe\/web\/wp-json\/wp\/v2\/pages\/338\/revisions"}],"predecessor-version":[{"id":345,"href":"https:\/\/diprod.pe\/web\/wp-json\/wp\/v2\/pages\/338\/revisions\/345"}],"wp:attachment":[{"href":"https:\/\/diprod.pe\/web\/wp-json\/wp\/v2\/media?parent=338"}],"curies":[{"name":"wp","href":"https:\/\/api.w.org\/{rel}","templated":true}]}}